{"id":94,"date":"2021-02-10T11:26:12","date_gmt":"2021-02-10T11:26:12","guid":{"rendered":"https:\/\/spedition-mlk.de\/?page_id=94"},"modified":"2024-11-24T21:28:06","modified_gmt":"2024-11-24T21:28:06","slug":"leistungen","status":"publish","type":"page","link":"https:\/\/spedition-mlk.de\/?page_id=94","title":{"rendered":"Leistungen"},"content":{"rendered":"<div  data-label=\"transport\" data-id=\"about--1\" data-export-id=\"about-image-text\" data-category=\"about\" class=\"about-image-text content-section content-section-spacing\" id=\"transport\" style=\"background-color: rgb(255, 255, 255);\"><div  class=\"gridContainer\"> <div  class=\"row\"><div  class=\"col-sm-6 flexbox-strech center-xs middle-xs no-gutter-col\"> <div  class=\"shadow-large overlap-right-large flexbox middle-xs center-xs left-img\" data-bg=\"image\" style=\"background-image: url(&quot;https:\/\/spedition-mlk.de\/wp-content\/uploads\/2021\/02\/cropped-cropped-MLK-Lkw-scaled-1.jpg&quot;);\"><\/div><\/div> <div  class=\"col-sm-6 space-bottom-xs col-padding-small-xs col-sm-padding-large bg-color5 white-text content-col\" data-type=\"column\"><h5  class=\"\"><span  style=\"font-family: &quot;Allerta Stencil&quot;, arial, helvetica, sans-serif; font-weight: 400;\">TRANSPORT<\/span><\/h5>  <p  class=\"\">Unsere moderne Fahrzeugflotte ist europaweit unterwegs. Wir bringen G\u00fcter unterschiedlichster Art an ihr Ziel \u2013 Termintreue und Verl\u00e4sslichkeit stehen dabei f\u00fcr uns an erster Stelle.&nbsp;\n\n<br ><br >Die Spedition MLK GmbH f\u00e4hrt im Nah-, Fern- sowie im Werksverkehr und \u00fcbermittelt Lieferungen auf dem Land-, Luft- und Seeweg. Als vollumf\u00e4nglicher Logistikdienstleister fahren wir Teil- und Komplettladungen sowie St\u00fcck- und Langg\u00fcter.&nbsp;\n&nbsp;\n<br ><br >Alle Zulieferungen erfolgen direkt oder mit Heckstapler.&nbsp;<br >\n<br >Unsere Disponenten arbeiten mit modernster Speditionssoftware, die es ihnen erm\u00f6glicht, Daten zu verarbeiten und Sendungen zu verfolgen.<\/p><\/div> <\/div><\/div> <\/div><div  data-label=\"lagerlogistik\" data-id=\"about--2\" data-export-id=\"about-text-image\" data-category=\"about\" class=\"about-text-image content-section content-section-spacing\" id=\"lagerlogistik\" style=\"background-color: rgb(245, 250, 253);\"><div  class=\"gridContainer\"> <div  class=\"row\"><div  class=\"col-sm-6 col-padding-small-xs col-sm-padding-large bg-color5 white-text content-col\" data-type=\"column\"> <h5  class=\"\"><span  id=\"_mce_caret\" data-mce-bogus=\"1\" data-mce-type=\"format-caret\"><span  style=\"font-family: &quot;Allerta Stencil&quot;, arial, helvetica, sans-serif;\">\ufeffLAGERLOGISTIK.&nbsp;\n<\/span><\/span><span  style=\"font-family: &quot;Allerta Stencil&quot;, arial, helvetica, sans-serif;\">KOMMISSIONIERUNG<\/span><\/h5>  <p  class=\"\">Das Lager- und Kommissionierangebot der Spedition MLK GmbH erstreckt sich auf zwei Standorte.&nbsp;\n<br >Am Standort Halver stehen rund 30.000 qm Betriebsfl\u00e4che sowie 13.500 qm Hallenlagerfl\u00e4che zur Verf\u00fcgung. Teilweise sind die Lagerhallen beheizt oder mit Deckenkr\u00e4nen ausgestattet.&nbsp;\n<br ><br >Am Standort Wipperf\u00fcrth verf\u00fcgen wir \u00fcber weitere 11.500 qm Hallenlagerfl\u00e4che auf 45.000 qm Betriebsfl\u00e4che.&nbsp; &nbsp;<br ><br >An beiden Standorten werden die G\u00fcter unserer Kunden kommissioniert und konfektioniert. Die logistische Abwicklung erfolgt mithilfe modernster Software. Es finden regelm\u00e4\u00dfige Inventuren und R\u00fcckmeldungen an den Kunden statt.<\/p><\/div> <div  class=\"col-sm-6 flexbox-strech center-xs middle-xs no-gutter-col\"><div  class=\"shadow-large overlap-left-large flexbox middle-xs center-xs right-img\" data-bg=\"image\" style=\"background-image: url(&quot;https:\/\/spedition-mlk.de\/wp-content\/uploads\/2021\/02\/AdobeStock_376720818kop-1-scaled.jpeg&quot;);\"><\/div><\/div> <\/div><\/div> <\/div><div  data-label=\"kontraktlogistik\" data-id=\"about--3\" data-export-id=\"about-image-text\" data-category=\"about\" class=\"about-image-text content-section content-section-spacing\" id=\"kontraktlogistik\" style=\"background-color: rgb(255, 255, 255);\"><div  class=\"gridContainer\"> <div  class=\"row\"><div  class=\"col-sm-6 flexbox-strech center-xs middle-xs no-gutter-col\"> <div  class=\"shadow-large overlap-right-large flexbox middle-xs center-xs left-img\" data-bg=\"image\" style=\"background-image: url(&quot;https:\/\/spedition-mlk.de\/wp-content\/uploads\/2021\/02\/cropped-AdobeStock_402511429-scaled-1.jpeg&quot;);\"><\/div><\/div> <div  class=\"col-sm-6 space-bottom-xs col-padding-small-xs col-sm-padding-large bg-color5 white-text content-col\" data-type=\"column\"><h5  class=\"\"><span  style=\"font-family: &quot;Allerta Stencil&quot;, arial, helvetica, sans-serif;\">KONTRAKTLOGISTIK<\/span><\/h5>  <p  class=\"\">Im Rahmen des Supply-Chain-Managements bieten wir unseren Kunden langfristige, individuelle Kooperationen.&nbsp;\n<br >Outsourcing-Prozesse werden von uns gesteuert und betreut.&nbsp;&nbsp;Ihr Vorteil: Sie konzentrieren sich auf die Kernkompetenz Ihres Unternehmens, wir \u00fcbernehmen die Logistik.<\/p><\/div> <\/div><\/div> <\/div><div  data-label=\"Cta\" data-id=\"cta--1\" data-export-id=\"cta-centered-bg-section\" data-category=\"cta\" data-section-ov=\"1\" class=\"cta-centered-bg-section content-section content-section-spacing-medium white-text\" data-parallax-depth=\"20\" id=\"cta-1\" style=\"background-color: rgb(245, 250, 253);\"><div  class=\"gridContainer\"> <div  class=\"row text-center\"><div  data-type=\"column\" class=\"\"> <h2  class=\"\">Interesse geweckt? <span  style=\"font-weight: 300;\">Kontaktieren Sie uns!<\/span><\/h2> <a  class=\"button color2 square\" href=\"mailto:dispo@spedition-mlk.de\" target=\"_self\" data-cp-link=\"1\" data-icon=\"\" rel=\"noopener\">Anfrage per E-Mail<\/a><\/div> <\/div><\/div> <\/div>","protected":false},"excerpt":{"rendered":"<p>TRANSPORT Unsere moderne Fahrzeugflotte ist europaweit unterwegs. Wir bringen G\u00fcter unterschiedlichster Art an ihr Ziel \u2013 Termintreue und Verl\u00e4sslichkeit stehen dabei f\u00fcr uns an erster Stelle.&nbsp; Die Spedition MLK GmbH f\u00e4hrt im Nah-, Fern- sowie im Werksverkehr und \u00fcbermittelt Lieferungen auf dem Land-, Luft- und Seeweg. Als vollumf\u00e4nglicher Logistikdienstleister fahren wir Teil- und Komplettladungen sowie&hellip; <br \/> <a class=\"read-more\" href=\"https:\/\/spedition-mlk.de\/?page_id=94\">Weiterlesen<\/a><\/p>\n","protected":false},"author":1,"featured_media":0,"parent":0,"menu_order":0,"comment_status":"closed","ping_status":"closed","template":"pro\/page-templates\/full-width-page.php","meta":{"footnotes":""},"class_list":["post-94","page","type-page","status-publish","hentry"],"_links":{"self":[{"href":"https:\/\/spedition-mlk.de\/index.php?rest_route=\/wp\/v2\/pages\/94","targetHints":{"allow":["GET"]}}],"collection":[{"href":"https:\/\/spedition-mlk.de\/index.php?rest_route=\/wp\/v2\/pages"}],"about":[{"href":"https:\/\/spedition-mlk.de\/index.php?rest_route=\/wp\/v2\/types\/page"}],"author":[{"embeddable":true,"href":"https:\/\/spedition-mlk.de\/index.php?rest_route=\/wp\/v2\/users\/1"}],"replies":[{"embeddable":true,"href":"https:\/\/spedition-mlk.de\/index.php?rest_route=%2Fwp%2Fv2%2Fcomments&post=94"}],"version-history":[{"count":17,"href":"https:\/\/spedition-mlk.de\/index.php?rest_route=\/wp\/v2\/pages\/94\/revisions"}],"predecessor-version":[{"id":267,"href":"https:\/\/spedition-mlk.de\/index.php?rest_route=\/wp\/v2\/pages\/94\/revisions\/267"}],"wp:attachment":[{"href":"https:\/\/spedition-mlk.de\/index.php?rest_route=%2Fwp%2Fv2%2Fmedia&parent=94"}],"curies":[{"name":"wp","href":"https:\/\/api.w.org\/{rel}","templated":true}]}}